{"id":61,"date":"2019-03-20T17:17:00","date_gmt":"2019-03-20T16:17:00","guid":{"rendered":"http:\/\/testbarzio.halleylombardia.it\/cms\/?page_id=61"},"modified":"2020-07-20T16:38:15","modified_gmt":"2020-07-20T14:38:15","slug":"servizi","status":"publish","type":"page","link":"https:\/\/www.bibliotecabarzio.it\/index.php\/servizi\/","title":{"rendered":"Servizi"},"content":{"rendered":"<ul>\n<li><a href=\"#iscrizione\">Iscrizione<\/a><\/li>\n<li><a href=\"#prestito\">Prestito &#8211; Rinnovo &#8211; Restituzioni<\/a><\/li>\n<li><a href=\"#interbiblio\">Prestito interbibliotecario<\/a><\/li>\n<li><a href=\"#autoprestito\">Servizio di autoprestito<\/a><\/li>\n<li><a href=\"#prenotazione\">Prenotazione<\/a><\/li>\n<li><a href=\"#sede\">Consultazione e lettura in sede<\/a><\/li>\n<li><a href=\"#ricerca\">Informazioni e ricerche bibliografiche<\/a><\/li>\n<li><a href=\"#internet\">Servizio internet<\/a><\/li>\n<li><a href=\"#stampe\">Stampe e fotocopie<\/a><\/li>\n<li><a href=\"#mlol\">MLOL &#8211; MediaLibraryOnLine<\/a><\/li>\n<\/ul>\n<hr \/>\n<h2><a id=\"iscrizione\"><\/a>ISCRIZIONE<\/h2>\n<p>L\u2019iscrizione pu\u00f2 essere fatta presso una qualsiasi biblioteca del Sistema Bibliotecario: l\u2019iscrizione \u00e8 LIBERA e GRATUITA.<\/p>\n<p>Ci si pu\u00f2 iscrivere anche on-line sulla pagina\u00a0<a href=\"http:\/\/lecco.biblioteche.it\/pre-iscrizione-online\" target=\"_blank\" rel=\"noopener noreferrer\">lecco.biblioteche.it\/pre-iscrizione-online<\/a>. Importante ricordarsi di recarsi in biblioteca per essere abilitati al prestito.<\/p>\n<p>Portare con s\u00e9 un documento d\u2019identit\u00e0 e la tessera sanitaria.<\/p>\n<p>I minorenni dovranno essere accompagnati da un genitore.<\/p>\n<p>&nbsp;<\/p>\n<h2><a id=\"prestito\"><\/a>PRESTITO &#8211; RINNOVO &#8211; RESTITUZIONI<\/h2>\n<p><strong>PRESTITO<\/strong><\/p>\n<p>LIBRI e AUDIOLIBRI: prestito per 30 giorni per un massimo di 10 unit\u00e0;<\/p>\n<p>DVD e CD: prestito per 7 giorni per un massimo di 5 dischi;<\/p>\n<p>I DVD, gli audiolibri e i CD musicali sono prestabili trascorsi 18 mesi dalla data di pubblicazione e\/o distribuzione.<\/p>\n<p>RIVISTE: prestito per 7 giorni per un massimo di 5 periodici. (E\u2019 escluso dal prestito il numero del mese corrente.)<\/p>\n<p><strong>RINNOVO<\/strong><\/p>\n<p>Si pu\u00f2 rinnovare un prestito, prima della scadenza, direttamente in biblioteca o accedendo all&#8217;Area Personale del catalogo on-line o telefonando o inviando una e-mail ad una delle biblioteche del Sistema. Il rinnovo viene effettuato, se il documento non \u00e8 stato prenotato da un altro utente, secondo le seguenti modalit\u00e0: LIBRI e AUDIOLIBRI: massimo 2 volte per un periodo di 30 giorni; DVD e CD: massimo 2 volte per un periodo di 7 giorni; RIVISTE: rinnovabili tramite la mediazione del bibliotecario.<\/p>\n<p><strong>RESTITUZIONI<\/strong><\/p>\n<p>Si possono restituire i documenti presi in prestito in qualsiasi biblioteca del Sistema Bibliotecario. Inoltre, \u00e8 possibile riconsegnare i documenti anche utilizzando il box di restituzione posizionato nel posteggio antistante Palazzo Manzoni, sede della Biblioteca. Il box \u00e8 messo a disposizione 7 giorni su 7, 24 ore su 24.<\/p>\n<p>Il ritardo nella restituzione dei documenti comporta la sospensione del prestito in tutte le biblioteche del Sistema Bibliotecario, fino alla regolarizzazione della situazione dell&#8217;utente attraverso la restituzione dei documenti in ritardo.<\/p>\n<p>La mancata riconsegna di un documento entro la data di scadenza impedisce, a chi lo sta aspettando, di averlo in prestito.<\/p>\n<p><strong>SOLLECITI<\/strong><\/p>\n<p>Le biblioteche proprietarie dei documenti prestati sollecitano gli utenti in ritardo tramite lettera, e-mail o telefono al fine di rendere disponibili al prestito i materiali per altri utenti.<\/p>\n<p><strong>SMARRIMENTO O DANNEGGIAMENTO DI DOCUMENTI PRESI IN PRESTITO<\/strong><\/p>\n<p>I documenti a stampa e\/o multimediali presi in prestito vanno custoditi con cura, evitando sottolineature e danneggiamenti. Di norma l&#8217;utente responsabile dello smarrimento o del danneggiamento di un documento ricevuto in prestito deve provvedere al suo riacquisto.<\/p>\n<p>&nbsp;<\/p>\n<h2><a id=\"interbiblio\" name=\"interbiblio\"><\/a>PRESTITO INTERBIBLIOTECARIO<\/h2>\n<p>\u00c8 un servizio gratuito che consente di ricevere nella biblioteca scelta dall&#8217;utente libri, DVD e periodici posseduti dalle altre biblioteche del Sistema.<\/p>\n<p>Si possono effettuare le richieste di prestito interbibliotecario accedendo all\u2019area personale &#8220;MyDiscovery&#8221; del\u00a0<a href=\"https:\/\/lecco.biblioteche.it\/\" target=\"_blank\" rel=\"noopener noreferrer\">catalogo<\/a> o recandosi in biblioteca.<\/p>\n<p>Le biblioteche, per conto dei propri utenti, possono richiedere in prestito interbibliotecario anche i documenti della Biblioteca Civica di Lecco (consulta il catalogo\u00a0<a href=\"https:\/\/www.biblioteche.regione.lombardia.it\/OPACLC\/\" target=\"_blank\" rel=\"noopener noreferrer\">www.biblioteche.regione.lombardia.it\/OPACLC<\/a> e rivolgiti alla tua biblioteca). Presso la Biblioteca Civica di Lecco \u00e8 attivo, inoltre, per i libri non posseduti direttamente dalle biblioteche del Sistema Bibliotecario del Territorio Lecchese, il servizio di prestito interbibliotecario nazionale e internazionale; \u00e8 possibile anche richiedere articoli di riviste possedute da altre biblioteche nazionali e internazionali (Document delivery).<\/p>\n<p>&nbsp;<\/p>\n<h2><a id=\"autoprestito\" name=\"autoprestito\"><\/a>SERVIZIO DI AUTOPRESTITO<\/h2>\n<p>In biblioteca \u00e8 presente una postazione che permette di prendere a prestito o restituire i libri senza dover passare al punto prestito con l&#8217;operatore. Per poter utilizzare la postazione \u00e8 necessario munirsi della Carta regionale dei Servizi da dove verr\u00e0 tratto il numero di codice fiscale. La restituzione \u00e8 ancora pi\u00f9 semplice, baster\u00e0 leggere il codice a barre dei libri e seguire la procedura guidata che appare sullo schermo e poi mettere i volumi resi nell&#8217;apposito contenitore accanto alla postazione.<\/p>\n<p>&nbsp;<\/p>\n<h2><a id=\"prenotazione\" name=\"prenotazione\"><\/a>PRENOTAZIONE<\/h2>\n<p>Se un documento \u00e8 in prestito, pu\u00f2 essere prenotato dall&#8217;utente, sia in biblioteca che direttamente tramite il\u00a0<a href=\"https:\/\/lecco.biblioteche.it\/\" target=\"_blank\" rel=\"noopener noreferrer\"><u>catalogo on-line<\/u><\/a>\u00a0per un massimo di 10 libri e 5 DVD.<\/p>\n<p><strong>AVVISO DI DISPONIBILIT\u00c0<\/strong><\/p>\n<p>Quando le richieste effettuate non sono pi\u00f9 visibili nell&#8217; Area personale\/prenotazioni del catalogo significa che hanno avuto buon fine. Il bibliotecario avvisa della disponibilit\u00e0 delle pubblicazioni richieste tramite telefono, e-mail, sms oppure con un messaggio nella sezione Avvisi Disponibilit\u00e0 dell&#8217;Area Personale del catalogo. Le pubblicazioni non ritirate vengono rimesse in circolazione dopo 7 giorni dall&#8217;avviso (avviso nuovo servizio di messaggistica automatica).<\/p>\n<p>&nbsp;<\/p>\n<h2><a id=\"sede\"><\/a>CONSULTAZIONE E LETTURA IN SEDE<\/h2>\n<p>Alcuni documenti delle biblioteche non sono disponibili per il prestito, ma solamente per la consultazione in sede.<\/p>\n<p>In biblioteca si possono consultare liberamente enciclopedie, dizionari, libri, quotidiani e riviste.<\/p>\n<p>&nbsp;<\/p>\n<h2><a id=\"ricerca\" name=\"ricerca\"><\/a>INFORMAZIONI RICERCHE BIBLIOGRAFICHE<\/h2>\n<p>Il personale \u00e8 a disposizione per fornire assistenza e supporto in merito a ricerca e localizzazione di documenti nel catalogo online, uso delle risorse elettroniche e dettagli sui servizi disponibili in biblioteca (prestito, prestito interbibliotecario, prenotazioni&#8230;)<\/p>\n<p>&nbsp;<\/p>\n<h2><a id=\"internet\" name=\"internet\"><\/a>SERVIZI INTERNET<\/h2>\n<p>Il servizio di navigazione in INTERNET \u00e8 gratuito per gli iscritti al Sistema Bibliotecario del Territorio Lecchese per un massimo di 2 ore al giorno.<\/p>\n<p>Per i non iscritti il servizio \u00e8 a pagamento (\u20ac 2,00\/ora).<\/p>\n<p>Sono presenti 2 postazioni fisse ed un\u2019area wi-fi.<\/p>\n<p>&nbsp;<\/p>\n<h2><a id=\"stampe\" name=\"stampe\"><\/a>STAMPA E FOTOCOPIE<\/h2>\n<p>Delib. G.C. n. 16\/2018:<\/p>\n<p>Formato A4 B\/N \u20ac 0,30 (fronte\/retro \u20ac 0,40)<\/p>\n<p>Formato A3 B\/N \u20ac 0,50 (fronte\/retro \u20ac 0,70)<\/p>\n<p>&nbsp;<\/p>\n<h2><a id=\"mlol\" name=\"mlol\"><\/a>MLOL &#8211; MEDIALIBRARYONLINE<\/h2>\n<p>Servizio gratuito per scaricare contenuti digitali: e-book, edicola, musica e audiolibri.<\/p>\n<p><a href=\"https:\/\/lecco.medialibrary.it\/home\/cover.aspx\" target=\"_blank\" rel=\"noopener noreferrer\">https:\/\/lecco.medialibrary.it\/home\/cover.aspx<\/a><\/p>\n","protected":false},"excerpt":{"rendered":"<p>Iscrizione Prestito &#8211; Rinnovo &#8211; Restituzioni Prestito interbibliotecario Servizio di autoprestito Prenotazione Consultazione e lettura in sede Informazioni e ricerche bibliografiche Servizio internet Stampe e fotocopie MLOL &#8211; MediaLibraryOnLine ISCRIZIONE L\u2019iscrizione pu\u00f2 essere fatta presso una qualsiasi biblioteca del Sistema Bibliotecario: l\u2019iscrizione \u00e8 LIBERA e GRATUITA. Ci si pu\u00f2 iscrivere anche on-line sulla pagina\u00a0lecco.biblioteche.it\/pre-iscrizione-online. Importante<\/p>\n<p><a href=\"https:\/\/www.bibliotecabarzio.it\/index.php\/servizi\/\" class=\"more-link\">Leggi tutto<\/a><\/p>\n","protected":false},"author":1,"featured_media":0,"parent":0,"menu_order":0,"comment_status":"closed","ping_status":"closed","template":"","meta":{"footnotes":""},"class_list":["post-61","page","type-page","status-publish","hentry"],"_links":{"self":[{"href":"https:\/\/www.bibliotecabarzio.it\/index.php\/wp-json\/wp\/v2\/pages\/61","targetHints":{"allow":["GET"]}}],"collection":[{"href":"https:\/\/www.bibliotecabarzio.it\/index.php\/wp-json\/wp\/v2\/pages"}],"about":[{"href":"https:\/\/www.bibliotecabarzio.it\/index.php\/wp-json\/wp\/v2\/types\/page"}],"author":[{"embeddable":true,"href":"https:\/\/www.bibliotecabarzio.it\/index.php\/wp-json\/wp\/v2\/users\/1"}],"replies":[{"embeddable":true,"href":"https:\/\/www.bibliotecabarzio.it\/index.php\/wp-json\/wp\/v2\/comments?post=61"}],"version-history":[{"count":8,"href":"https:\/\/www.bibliotecabarzio.it\/index.php\/wp-json\/wp\/v2\/pages\/61\/revisions"}],"predecessor-version":[{"id":2256,"href":"https:\/\/www.bibliotecabarzio.it\/index.php\/wp-json\/wp\/v2\/pages\/61\/revisions\/2256"}],"wp:attachment":[{"href":"https:\/\/www.bibliotecabarzio.it\/index.php\/wp-json\/wp\/v2\/media?parent=61"}],"curies":[{"name":"wp","href":"https:\/\/api.w.org\/{rel}","templated":true}]}}