{"id":213,"date":"2019-03-21T13:20:02","date_gmt":"2019-03-21T12:20:02","guid":{"rendered":"http:\/\/testbarzio.halleylombardia.it\/cms\/?page_id=213"},"modified":"2019-03-29T12:13:16","modified_gmt":"2019-03-29T11:13:16","slug":"vendita-libri","status":"publish","type":"page","link":"https:\/\/www.bibliotecabarzio.it\/index.php\/vendita-libri\/","title":{"rendered":"Vendita libri"},"content":{"rendered":"<h2 style=\"text-align: center;\">VENDITA LIBRI<\/h2>\n<p>Ai volumi e ai DVD che non sono necessari per arricchire il nostro patrimonio, perch\u00e9 magari gi\u00e0 presenti, offriamo una seconda possibilit\u00e0:<\/p>\n<p><img loading=\"lazy\" decoding=\"async\" class=\"wp-image-217 aligncenter\" src=\"http:\/\/testbarzio.halleylombardia.it\/cms\/wp-content\/uploads\/2019\/03\/05c_vendita_libri_logo-300x200.jpg\" alt=\"\" width=\"326\" height=\"217\" srcset=\"https:\/\/www.bibliotecabarzio.it\/wp-content\/uploads\/2019\/03\/05c_vendita_libri_logo-300x200.jpg 300w, https:\/\/www.bibliotecabarzio.it\/wp-content\/uploads\/2019\/03\/05c_vendita_libri_logo.jpg 725w\" sizes=\"auto, (max-width: 326px) 100vw, 326px\" \/><\/p>\n<p>&nbsp;<\/p>\n<p>la vendita in mercatini periodici che vengono svolti in biblioteca, il cui ricavato viene poi utilizzato per l\u2019acquisto di testi nuovi che andranno a rinforzare ed ampliare la nostra offerta.<\/p>\n<p>&nbsp;<\/p>\n","protected":false},"excerpt":{"rendered":"<p>VENDITA LIBRI Ai volumi e ai DVD che non sono necessari per arricchire il nostro patrimonio, perch\u00e9 magari gi\u00e0 presenti, offriamo una seconda possibilit\u00e0: &nbsp; la vendita in mercatini periodici che vengono svolti in biblioteca, il cui ricavato viene poi utilizzato per l\u2019acquisto di testi nuovi che andranno a rinforzare ed ampliare la nostra offerta.<\/p>\n<p><a href=\"https:\/\/www.bibliotecabarzio.it\/index.php\/vendita-libri\/\" class=\"more-link\">Leggi tutto<\/a><\/p>\n","protected":false},"author":1,"featured_media":0,"parent":0,"menu_order":0,"comment_status":"closed","ping_status":"closed","template":"","meta":{"footnotes":""},"class_list":["post-213","page","type-page","status-publish","hentry"],"_links":{"self":[{"href":"https:\/\/www.bibliotecabarzio.it\/index.php\/wp-json\/wp\/v2\/pages\/213","targetHints":{"allow":["GET"]}}],"collection":[{"href":"https:\/\/www.bibliotecabarzio.it\/index.php\/wp-json\/wp\/v2\/pages"}],"about":[{"href":"https:\/\/www.bibliotecabarzio.it\/index.php\/wp-json\/wp\/v2\/types\/page"}],"author":[{"embeddable":true,"href":"https:\/\/www.bibliotecabarzio.it\/index.php\/wp-json\/wp\/v2\/users\/1"}],"replies":[{"embeddable":true,"href":"https:\/\/www.bibliotecabarzio.it\/index.php\/wp-json\/wp\/v2\/comments?post=213"}],"version-history":[{"count":13,"href":"https:\/\/www.bibliotecabarzio.it\/index.php\/wp-json\/wp\/v2\/pages\/213\/revisions"}],"predecessor-version":[{"id":570,"href":"https:\/\/www.bibliotecabarzio.it\/index.php\/wp-json\/wp\/v2\/pages\/213\/revisions\/570"}],"wp:attachment":[{"href":"https:\/\/www.bibliotecabarzio.it\/index.php\/wp-json\/wp\/v2\/media?parent=213"}],"curies":[{"name":"wp","href":"https:\/\/api.w.org\/{rel}","templated":true}]}}