{"id":172,"date":"2019-03-21T12:42:42","date_gmt":"2019-03-21T11:42:42","guid":{"rendered":"http:\/\/testbarzio.halleylombardia.it\/cms\/?page_id=172"},"modified":"2019-03-22T10:04:35","modified_gmt":"2019-03-22T09:04:35","slug":"biblioteca-manzoniana","status":"publish","type":"page","link":"https:\/\/www.bibliotecabarzio.it\/index.php\/biblioteca-manzoniana\/","title":{"rendered":"Biblioteca Manzoniana"},"content":{"rendered":"<h2 style=\"text-align: center;\">BIBLIOTECA MANZONIANA<\/h2>\n<p><strong><em>Fondo librario e documentario dedicato interamente alle opere e alla figura di Alessandro Manzoni.<\/em><\/strong><\/p>\n<hr \/>\n<p>&nbsp;<\/p>\n<h3 style=\"text-align: center;\">STORIA<\/h3>\n<p>\u00c8 stato costituito, nel corso di pi\u00f9 di vent&#8217;anni, dal parroco di Barzio don Alfredo Comi, appassionato estimatore del Manzoni.<\/p>\n<p>Il fondo \u00e8 stato acquisito nel 2006 dall\u2019amministrazione comunale, con il contributo economico dell&#8217;Amministrazione Provinciale di Lecco e della Banca di Credito Cooperativo di Cremeno (ora Banca di Credito Cooperativo della Valsassina), che ha ritenuto importante mantenerlo unito anche come atto di riconoscenza verso l\u2019attivit\u00e0 pastorale di don Alfredo Comi protrattasi per pi\u00f9 di 40 anni.<\/p>\n<p>&nbsp;<\/p>\n<hr \/>\n<p>&nbsp;<\/p>\n<h3 style=\"text-align: center;\">FONDO<\/h3>\n<p>Il Fondo consta all&#8217;incirca di 1300 volumi e una miscellanea di documenti non propriamente bibliografici e riunisce insieme pregevoli e rare edizioni delle opere manzoniane e opere biografiche e critiche legate a Manzoni o in qualche modo a lui riconducibili. Altre pubblicazioni arricchiscono il Fondo riportando approfondimenti, fornendo punti di vista originali e curiosit\u00e0 con varie incursioni in ambiti disciplinari extraletterari.<\/p>\n<p>Tra i documenti che aumentano il pregio del Fondo si annoverano quelli non propriamente bibliografici, tra i quali raccolte di stampe e litografie, a tiratura limitata, di famosi artisti che hanno riprodotto episodi tratti dalle opere manzoniane, una curiosa raccolta delle figurine LIEBIG stampate negli anni &#8217;50 e dedicate ai Promessi Sposi e una lettera autografa del Manzoni.<\/p>\n<p>I volumi della parte libraria sono stati suddivisi, fin dalla prima catalogazione, nelle seguenti sezioni:<\/p>\n<p><strong>1- Edizioni in italiano dei Promessi Sposi (326 volumi):<\/strong><\/p>\n<ul>\n<li>7 edizioni anteriori al 1840;<\/li>\n<li>26 edizioni pubblicate fra il 1840 al 1898, mentre l&#8217;edizione pi\u00f9 recente \u00e8 datata 1990.<\/li>\n<\/ul>\n<p><strong>2-\u00a0 Edizioni tradotte dei Promessi Sposi:<\/strong><\/p>\n<ul>\n<li>29 differenti edizioni con traduzioni nelle principali lingue europee, ma anche in altre lingue del mondo (giapponese, ebraico, russo, arabo, ecc).<\/li>\n<\/ul>\n<p><strong>3-\u00a0 Edizioni delle altre opere manzoniane:<\/strong><\/p>\n<ul>\n<li>204 volumi contenenti opere pubblicate singolarmente o all&#8217;interno di raccolte (di queste 43 edizioni sono state pubblicate prima del 1896).<\/li>\n<\/ul>\n<p><strong>4- Saggi sull&#8217;opera e la figura del Manzoni:<\/strong><\/p>\n<ul>\n<li>620 volumi, fra i quali la raccolta degli atti di vari convegni manzoniani, opere di familiari del Manzoni, opere relative al territorio lecchese pensate come illustrazioni del romanzo, antologie comprensive di capitoli critici sul Manzoni, opere di carattere storico su luoghi o personaggi in qualche modo riferibili al Manzoni e opere sul folklore e le tradizioni locali.<\/li>\n<\/ul>\n<p><strong>5- Opere di interesse:<\/strong><\/p>\n<ul>\n<li>prevalentemente turistico-descrittivo riferite a luoghi legati alla vita o alle opere del Manzoni (37 documenti).<\/li>\n<\/ul>\n<p><strong>6- Opere di carattere creativo legate all&#8217;opera o alla figura del Manzoni:<\/strong><\/p>\n<ul>\n<li>97 documenti, fra cui rifacimenti, traduzioni in dialetto, o in versi, cataloghi di mostre o saggi su illustratori dell&#8217;opera manzoniana, continuazioni dei Promessi Sposi o romanzi di autori legati a vario titolo a Manzoni e spartiti di opere musicali ispirate ad alcune sue opere.<\/li>\n<\/ul>\n<p>La parte libraria del Fondo \u00e8 stata interamente catalogata all&#8217;interno dell&#8217;<a href=\"https:\/\/lecco.biblioteche.it\/\" target=\"_blank\" rel=\"noopener noreferrer\">OPAC della Provincia di Lecco<\/a>.<\/p>\n<p>&nbsp;<\/p>\n<hr \/>\n<style id=\"bwg-style-0\">    #bwg_container1_0 #bwg_container2_0 .bwg-container-0.bwg-standard-thumbnails {      width: 1254px;              justify-content: center;        margin:0 auto !important;              background-color: rgba(255, 255, 255, 0.00);            padding-left: 4px;      padding-top: 4px;      max-width: 100%;            }        #bwg_container1_0 #bwg_container2_0 .bwg-container-0.bwg-standard-thumbnails .bwg-item {    justify-content: flex-start;      max-width: 250px;          }    #bwg_container1_0 #bwg_container2_0 .bwg-container-0.bwg-standard-thumbnails .bwg-item a {       margin-right: 4px;       margin-bottom: 4px;    }    #bwg_container1_0 #bwg_container2_0 .bwg-container-0.bwg-standard-thumbnails .bwg-item0 {      padding: 0px;            background-color:rgba(0,0,0, 0.30);      border: 0px none #CCCCCC;      opacity: 1.00;      border-radius: 0;      box-shadow: ;    }    #bwg_container1_0 #bwg_container2_0 .bwg-container-0.bwg-standard-thumbnails .bwg-item1 img {      max-height: none;      max-width: none;      padding: 0 !important;    }         @media only screen and (min-width: 480px) {\t\t#bwg_container1_0 #bwg_container2_0 .bwg-container-0.bwg-standard-thumbnails .bwg-item1 img {\t\t\t-webkit-transition: all .3s; transition: all .3s;\t\t}\t\t#bwg_container1_0 #bwg_container2_0 .bwg-container-0.bwg-standard-thumbnails .bwg-item1 img:hover {\t\t\t-ms-transform: scale(1.08);\t\t\t-webkit-transform: scale(1.08);\t\t\ttransform: scale(1.08);\t\t}\t\t\t\t.bwg-standard-thumbnails .bwg-zoom-effect .bwg-zoom-effect-overlay {\t\t\t\t\t\tbackground-color:rgba(0,0,0, 0.3);\t\t}\t\t.bwg-standard-thumbnails .bwg-zoom-effect:hover img {\t\t\t-ms-transform: scale(1.08);\t\t\t-webkit-transform: scale(1.08);\t\t\ttransform: scale(1.08);\t\t}\t\t      }\t    #bwg_container1_0 #bwg_container2_0 .bwg-container-0.bwg-standard-thumbnails .bwg-item1 {      padding-top: 56%;    }        #bwg_container1_0 #bwg_container2_0 .bwg-container-0.bwg-standard-thumbnails .bwg-title1 {      position: absolute;      top: 0;      z-index: 100;      width: 100%;      height: 100%;      display: flex;      justify-content: center;      align-content: center;      flex-direction: column;      opacity: 0;    }\t      #bwg_container1_0 #bwg_container2_0 .bwg-container-0.bwg-standard-thumbnails .bwg-title2,    #bwg_container1_0 #bwg_container2_0 .bwg-container-0.bwg-standard-thumbnails .bwg-ecommerce2 {      color: #FFFFFF;      font-family: Ubuntu;      font-size: 16px;      font-weight: bold;      padding: 2px;      text-shadow: ;      max-height: 100%;    }    #bwg_container1_0 #bwg_container2_0 .bwg-container-0.bwg-standard-thumbnails .bwg-thumb-description span {    color: #323A45;    font-family: Ubuntu;    font-size: 12px;    max-height: 100%;    word-wrap: break-word;    }    #bwg_container1_0 #bwg_container2_0 .bwg-container-0.bwg-standard-thumbnails .bwg-play-icon2 {      font-size: 32px;    }    #bwg_container1_0 #bwg_container2_0 .bwg-container-0.bwg-standard-thumbnails .bwg-ecommerce2 {      font-size: 19.2px;      color: #323A45;    }    <\/style>    <div id=\"bwg_container1_0\"         class=\"bwg_container bwg_thumbnail bwg_thumbnails \"         data-right-click-protection=\"0\"         data-bwg=\"0\"         data-scroll=\"0\"         data-gallery-type=\"thumbnails\"         data-gallery-view-type=\"thumbnails\"         data-current-url=\"\/index.php\/wp-json\/wp\/v2\/pages\/172\"         data-lightbox-url=\"https:\/\/www.bibliotecabarzio.it\/wp-admin\/admin-ajax.php?action=GalleryBox&#038;current_view=0&#038;gallery_id=5&#038;tag=0&#038;theme_id=1&#038;shortcode_id=14&#038;sort_by=order&#038;order_by=asc&#038;current_url=%2Findex.php%2Fwp-json%2Fwp%2Fv2%2Fpages%2F172\"         data-gallery-id=\"5\"         data-popup-width=\"800\"         data-popup-height=\"500\"         data-is-album=\"gallery\"         data-buttons-position=\"bottom\">      <div id=\"bwg_container2_0\">             <div id=\"ajax_loading_0\" class=\"bwg_loading_div_1\">      <div class=\"bwg_loading_div_2\">        <div class=\"bwg_loading_div_3\">          <div id=\"loading_div_0\" class=\"bwg_spider_ajax_loading\">          <\/div>        <\/div>      <\/div>    <\/div>            <form id=\"gal_front_form_0\"              class=\"bwg-hidden\"              method=\"post\"              action=\"#\"              data-current=\"0\"              data-shortcode-id=\"14\"              data-gallery-type=\"thumbnails\"              data-gallery-id=\"5\"              data-tag=\"0\"              data-album-id=\"0\"              data-theme-id=\"1\"              data-ajax-url=\"https:\/\/www.bibliotecabarzio.it\/wp-admin\/admin-ajax.php?action=bwg_frontend_data\">          <div id=\"bwg_container3_0\" class=\"bwg-background bwg-background-0\">                <div data-max-count=\"5\"         data-thumbnail-width=\"250\"         data-bwg=\"0\"         data-gallery-id=\"5\"         data-lightbox-url=\"https:\/\/www.bibliotecabarzio.it\/wp-admin\/admin-ajax.php?action=GalleryBox&amp;current_view=0&amp;gallery_id=5&amp;tag=0&amp;theme_id=1&amp;shortcode_id=14&amp;sort_by=order&amp;order_by=asc&amp;current_url=%2Findex.php%2Fwp-json%2Fwp%2Fv2%2Fpages%2F172\"         id=\"bwg_thumbnails_0\"         class=\"bwg-container-0 bwg-thumbnails bwg-standard-thumbnails bwg-container bwg-border-box\">            <div class=\"bwg-item\">        <a class=\"bwg-a  bwg_lightbox\"  data-image-id=\"25\" href=\"https:\/\/www.bibliotecabarzio.it\/wp-content\/uploads\/photo-gallery\/imported_from_media_libray\/Fondo-Manzoni.jpg?bwg=1553244932\" data-elementor-open-lightbox=\"no\">                <div class=\"bwg-item0 \">          <div class=\"bwg-item1 bwg-zoom-effect\">            <div class=\"bwg-item2\">              <img decoding=\"async\" class=\"skip-lazy bwg_standart_thumb_img_0 \"                   data-id=\"25\"                   data-width=\"\"                   data-height=\"\"                   data-src=\"https:\/\/www.bibliotecabarzio.it\/wp-content\/uploads\/photo-gallery\/imported_from_media_libray\/thumb\/Fondo-Manzoni.jpg?bwg=1553244932\"                   src=\"https:\/\/www.bibliotecabarzio.it\/wp-content\/uploads\/photo-gallery\/imported_from_media_libray\/thumb\/Fondo-Manzoni.jpg?bwg=1553244932\"                   alt=\"\"                   title=\"\" \/>            <\/div>            <div class=\"bwg-zoom-effect-overlay\">              <div class=\"bwg-title1\"><div class=\"bwg-title2\">&nbsp;<\/div><\/div>                                        <\/div>          <\/div>        <\/div>                        <\/a>              <\/div>            <div class=\"bwg-item\">        <a class=\"bwg-a  bwg_lightbox\"  data-image-id=\"24\" href=\"https:\/\/www.bibliotecabarzio.it\/wp-content\/uploads\/photo-gallery\/imported_from_media_libray\/2013-11-25-11-47-34-IMG_3775.jpg?bwg=1553244932\" data-elementor-open-lightbox=\"no\">                <div class=\"bwg-item0 \">          <div class=\"bwg-item1 bwg-zoom-effect\">            <div class=\"bwg-item2\">              <img decoding=\"async\" class=\"skip-lazy bwg_standart_thumb_img_0 \"                   data-id=\"24\"                   data-width=\"\"                   data-height=\"\"                   data-src=\"https:\/\/www.bibliotecabarzio.it\/wp-content\/uploads\/photo-gallery\/imported_from_media_libray\/thumb\/2013-11-25-11-47-34-IMG_3775.jpg?bwg=1553244932\"                   src=\"https:\/\/www.bibliotecabarzio.it\/wp-content\/uploads\/photo-gallery\/imported_from_media_libray\/thumb\/2013-11-25-11-47-34-IMG_3775.jpg?bwg=1553244932\"                   alt=\"\"                   title=\"\" \/>            <\/div>            <div class=\"bwg-zoom-effect-overlay\">              <div class=\"bwg-title1\"><div class=\"bwg-title2\">&nbsp;<\/div><\/div>                                        <\/div>          <\/div>        <\/div>                        <\/a>              <\/div>            <div class=\"bwg-item\">        <a class=\"bwg-a  bwg_lightbox\"  data-image-id=\"23\" href=\"https:\/\/www.bibliotecabarzio.it\/wp-content\/uploads\/photo-gallery\/imported_from_media_libray\/2013-11-25-11-47-05-IMG_3773.jpg?bwg=1553244932\" data-elementor-open-lightbox=\"no\">                <div class=\"bwg-item0 \">          <div class=\"bwg-item1 bwg-zoom-effect\">            <div class=\"bwg-item2\">              <img decoding=\"async\" class=\"skip-lazy bwg_standart_thumb_img_0 \"                   data-id=\"23\"                   data-width=\"\"                   data-height=\"\"                   data-src=\"https:\/\/www.bibliotecabarzio.it\/wp-content\/uploads\/photo-gallery\/imported_from_media_libray\/thumb\/2013-11-25-11-47-05-IMG_3773.jpg?bwg=1553244932\"                   src=\"https:\/\/www.bibliotecabarzio.it\/wp-content\/uploads\/photo-gallery\/imported_from_media_libray\/thumb\/2013-11-25-11-47-05-IMG_3773.jpg?bwg=1553244932\"                   alt=\"\"                   title=\"\" \/>            <\/div>            <div class=\"bwg-zoom-effect-overlay\">              <div class=\"bwg-title1\"><div class=\"bwg-title2\">&nbsp;<\/div><\/div>                                        <\/div>          <\/div>        <\/div>                        <\/a>              <\/div>            <div class=\"bwg-item\">        <a class=\"bwg-a  bwg_lightbox\"  data-image-id=\"22\" href=\"https:\/\/www.bibliotecabarzio.it\/wp-content\/uploads\/photo-gallery\/imported_from_media_libray\/2013-11-25-11-46-40-IMG_3771.jpg?bwg=1553244932\" data-elementor-open-lightbox=\"no\">                <div class=\"bwg-item0 \">          <div class=\"bwg-item1 bwg-zoom-effect\">            <div class=\"bwg-item2\">              <img decoding=\"async\" class=\"skip-lazy bwg_standart_thumb_img_0 \"                   data-id=\"22\"                   data-width=\"\"                   data-height=\"\"                   data-src=\"https:\/\/www.bibliotecabarzio.it\/wp-content\/uploads\/photo-gallery\/imported_from_media_libray\/thumb\/2013-11-25-11-46-40-IMG_3771.jpg?bwg=1553244932\"                   src=\"https:\/\/www.bibliotecabarzio.it\/wp-content\/uploads\/photo-gallery\/imported_from_media_libray\/thumb\/2013-11-25-11-46-40-IMG_3771.jpg?bwg=1553244932\"                   alt=\"\"                   title=\"\" \/>            <\/div>            <div class=\"bwg-zoom-effect-overlay\">              <div class=\"bwg-title1\"><div class=\"bwg-title2\">&nbsp;<\/div><\/div>                                        <\/div>          <\/div>        <\/div>                        <\/a>              <\/div>            <div class=\"bwg-item\">        <a class=\"bwg-a  bwg_lightbox\"  data-image-id=\"21\" href=\"https:\/\/www.bibliotecabarzio.it\/wp-content\/uploads\/photo-gallery\/imported_from_media_libray\/2013-11-25-11-46-21-IMG_3770.jpg?bwg=1553244932\" data-elementor-open-lightbox=\"no\">                <div class=\"bwg-item0 \">          <div class=\"bwg-item1 bwg-zoom-effect\">            <div class=\"bwg-item2\">              <img decoding=\"async\" class=\"skip-lazy bwg_standart_thumb_img_0 \"                   data-id=\"21\"                   data-width=\"\"                   data-height=\"\"                   data-src=\"https:\/\/www.bibliotecabarzio.it\/wp-content\/uploads\/photo-gallery\/imported_from_media_libray\/thumb\/2013-11-25-11-46-21-IMG_3770.jpg?bwg=1553244932\"                   src=\"https:\/\/www.bibliotecabarzio.it\/wp-content\/uploads\/photo-gallery\/imported_from_media_libray\/thumb\/2013-11-25-11-46-21-IMG_3770.jpg?bwg=1553244932\"                   alt=\"\"                   title=\"\" \/>            <\/div>            <div class=\"bwg-zoom-effect-overlay\">              <div class=\"bwg-title1\"><div class=\"bwg-title2\">&nbsp;<\/div><\/div>                                        <\/div>          <\/div>        <\/div>                        <\/a>              <\/div>          <\/div>    <style>      \/*pagination styles*\/      #bwg_container1_0 #bwg_container2_0 .tablenav-pages_0 {\t\t\t\ttext-align: center;\t\t\t\tfont-size: 12px;\t\t\t\tfont-family: Ubuntu;\t\t\t\tfont-weight: bold;\t\t\t\tcolor: #666666;\t\t\t\tmargin: 6px 0 4px;\t\t\t\tdisplay: block;      }      @media only screen and (max-width : 320px) {      #bwg_container1_0 #bwg_container2_0 .displaying-num_0 {     \t display: none;      }      }      #bwg_container1_0 #bwg_container2_0 .displaying-num_0 {\t\t\t\tfont-size: 12px;\t\t\t\tfont-family: Ubuntu;\t\t\t\tfont-weight: bold;\t\t\t\tcolor: #666666;\t\t\t\tmargin-right: 10px;\t\t\t\tvertical-align: middle;      }      #bwg_container1_0 #bwg_container2_0 .paging-input_0 {\t\t\t\tfont-size: 12px;\t\t\t\tfont-family: Ubuntu;\t\t\t\tfont-weight: bold;\t\t\t\tcolor: #666666;\t\t\t\tvertical-align: middle;      }      #bwg_container1_0 #bwg_container2_0 .tablenav-pages_0 a.disabled,      #bwg_container1_0 #bwg_container2_0 .tablenav-pages_0 a.disabled:hover,      #bwg_container1_0 #bwg_container2_0 .tablenav-pages_0 a.disabled:focus,\t\t\t#bwg_container1_0 #bwg_container2_0 .tablenav-pages_0 input.bwg_current_page {\t\t\t\tcursor: default;\t\t\t\tcolor: rgba(102, 102, 102, 0.5);      }      #bwg_container1_0 #bwg_container2_0 .tablenav-pages_0 a,      #bwg_container1_0 #bwg_container2_0 .tablenav-pages_0 input.bwg_current_page {\t\t\t\tcursor: pointer;\t\t\t\ttext-align: center;\t\t\t\tfont-size: 12px;\t\t\t\tfont-family: Ubuntu;\t\t\t\tfont-weight: bold;\t\t\t\tcolor: #666666;\t\t\t\ttext-decoration: none;\t\t\t\tpadding: 3px 6px;\t\t\t\tmargin: 0;\t\t\t\tborder-radius: 0;\t\t\t\tborder-style: solid;\t\t\t\tborder-width: 1px;\t\t\t\tborder-color: #E3E3E3;\t\t\t\t\t\t\t\tbackground-color: rgba(255, 255, 255, 1.00);\t\t\t\tbox-shadow: 0;\t\t\t\ttransition: all 0.3s ease 0s;-webkit-transition: all 0.3s ease 0s;      }      <\/style>      <span class=\"bwg_nav_cont_0\">              <div class=\"tablenav-pages_0\">                  <\/div>                <input type=\"hidden\" id=\"page_number_0\" name=\"page_number_0\" value=\"1\" \/>      <script type=\"text\/javascript\">        if( jQuery('.bwg_nav_cont_0').length > 1 ) {          jQuery('.bwg_nav_cont_0').first().remove()        }        function spider_page_0(cur, x, y, load_more) {          if (typeof load_more == \"undefined\") {            var load_more = false;          }          if (jQuery(cur).hasClass('disabled')) {            return false;          }          var items_county_0 = 1;          switch (y) {            case 1:              if (x >= items_county_0) {                document.getElementById('page_number_0').value = items_county_0;              }              else {                document.getElementById('page_number_0').value = x + 1;              }              break;            case 2:              document.getElementById('page_number_0').value = items_county_0;              break;            case -1:              if (x == 1) {                document.getElementById('page_number_0').value = 1;              }              else {                document.getElementById('page_number_0').value = x - 1;              }              break;            case -2:              document.getElementById('page_number_0').value = 1;              break;\t\t\t\t\t\tcase 0:              document.getElementById('page_number_0').value = x;              break;            default:              document.getElementById('page_number_0').value = 1;          }          bwg_ajax('gal_front_form_0', '0', 'bwg_thumbnails_0', '0', '', 'gallery', 0, '', '', load_more, '', 1);        }                    jQuery('.first-page-0').on('click', function () {              spider_page_0(this, 1, -2, 'numeric');              return false;            });            jQuery('.prev-page-0').on('click', function () {              spider_page_0(this, 1, -1, 'numeric');              return false;            });            jQuery('.next-page-0').on('click', function () {              spider_page_0(this, 1, 1, 'numeric');              return false;            });            jQuery('.last-page-0').on('click', function () {              spider_page_0(this, 1, 2, 'numeric');              return false;            });        \t\t\t\t\/* Change page on input enter. *\/        function bwg_change_page_0( e, that ) {          if (  e.key == 'Enter' ) {            var to_page = parseInt(jQuery(that).val());            var pages_count = jQuery(that).parents(\".pagination-links\").data(\"pages-count\");            var current_url_param = jQuery(that).attr('data-url-info');            if (to_page > pages_count) {              to_page = 1;            }\t \t\t\t\t\t\t\t\t\t\t\t\tspider_page_0(this, to_page, 0, 'numeric');\t\t\t\t\t\t\treturn false;\t\t\t\t\t\t          }          return true;        }        jQuery('.bwg_load_btn_0').on('click', function () {            spider_page_0(this, 1, 1, true);            return false;        });      <\/script>      <\/span>                <\/div>        <\/form>        <style>          #bwg_container1_0 #bwg_container2_0 #spider_popup_overlay_0 {          background-color: #EEEEEE;          opacity: 0.60;          }          <\/style>        <div id=\"bwg_spider_popup_loading_0\" class=\"bwg_spider_popup_loading\"><\/div>        <div id=\"spider_popup_overlay_0\" class=\"spider_popup_overlay\" onclick=\"spider_destroypopup(1000)\"><\/div>        <input type=\"hidden\" id=\"bwg_random_seed_0\" value=\"2007093574\">                <\/div>    <\/div>    <script>      if (document.readyState === 'complete') {        if( typeof bwg_main_ready == 'function' ) {          if ( jQuery(\"#bwg_container1_0\").height() ) {            bwg_main_ready(jQuery(\"#bwg_container1_0\"));          }        }      } else {        document.addEventListener('DOMContentLoaded', function() {          if( typeof bwg_main_ready == 'function' ) {            if ( jQuery(\"#bwg_container1_0\").height() ) {             bwg_main_ready(jQuery(\"#bwg_container1_0\"));            }          }        });      }    <\/script>    \n","protected":false},"excerpt":{"rendered":"<p>BIBLIOTECA MANZONIANA Fondo librario e documentario dedicato interamente alle opere e alla figura di Alessandro Manzoni. &nbsp; STORIA \u00c8 stato costituito, nel corso di pi\u00f9 di vent&#8217;anni, dal parroco di Barzio don Alfredo Comi, appassionato estimatore del Manzoni. Il fondo \u00e8 stato acquisito nel 2006 dall\u2019amministrazione comunale, con il contributo economico dell&#8217;Amministrazione Provinciale di Lecco<\/p>\n<p><a href=\"https:\/\/www.bibliotecabarzio.it\/index.php\/biblioteca-manzoniana\/\" class=\"more-link\">Leggi tutto<\/a><\/p>\n","protected":false},"author":1,"featured_media":0,"parent":0,"menu_order":0,"comment_status":"closed","ping_status":"closed","template":"","meta":{"footnotes":""},"class_list":["post-172","page","type-page","status-publish","hentry"],"_links":{"self":[{"href":"https:\/\/www.bibliotecabarzio.it\/index.php\/wp-json\/wp\/v2\/pages\/172","targetHints":{"allow":["GET"]}}],"collection":[{"href":"https:\/\/www.bibliotecabarzio.it\/index.php\/wp-json\/wp\/v2\/pages"}],"about":[{"href":"https:\/\/www.bibliotecabarzio.it\/index.php\/wp-json\/wp\/v2\/types\/page"}],"author":[{"embeddable":true,"href":"https:\/\/www.bibliotecabarzio.it\/index.php\/wp-json\/wp\/v2\/users\/1"}],"replies":[{"embeddable":true,"href":"https:\/\/www.bibliotecabarzio.it\/index.php\/wp-json\/wp\/v2\/comments?post=172"}],"version-history":[{"count":7,"href":"https:\/\/www.bibliotecabarzio.it\/index.php\/wp-json\/wp\/v2\/pages\/172\/revisions"}],"predecessor-version":[{"id":523,"href":"https:\/\/www.bibliotecabarzio.it\/index.php\/wp-json\/wp\/v2\/pages\/172\/revisions\/523"}],"wp:attachment":[{"href":"https:\/\/www.bibliotecabarzio.it\/index.php\/wp-json\/wp\/v2\/media?parent=172"}],"curies":[{"name":"wp","href":"https:\/\/api.w.org\/{rel}","templated":true}]}}