{"id":145,"date":"2019-03-21T12:26:05","date_gmt":"2019-03-21T11:26:05","guid":{"rendered":"http:\/\/testbarzio.halleylombardia.it\/cms\/?page_id=145"},"modified":"2020-07-20T16:50:51","modified_gmt":"2020-07-20T14:50:51","slug":"art-bonus","status":"publish","type":"page","link":"https:\/\/www.bibliotecabarzio.it\/index.php\/art-bonus\/","title":{"rendered":"Art bonus"},"content":{"rendered":"<h2 style=\"text-align: center;\">ART BONUS<\/h2>\n<h3 style=\"text-align: center;\"><a href=\"https:\/\/artbonus.gov.it\/\" target=\"_blank\" rel=\"noopener noreferrer\"><img loading=\"lazy\" decoding=\"async\" class=\"size-medium wp-image-161 aligncenter\" src=\"http:\/\/www.bibliotecabarzio.it\/wp-content\/uploads\/2019\/03\/05a_logo_artbonus-300x150.png\" alt=\"\" width=\"300\" height=\"150\" srcset=\"https:\/\/www.bibliotecabarzio.it\/wp-content\/uploads\/2019\/03\/05a_logo_artbonus-300x150.png 300w, https:\/\/www.bibliotecabarzio.it\/wp-content\/uploads\/2019\/03\/05a_logo_artbonus.png 752w\" sizes=\"auto, (max-width: 300px) 100vw, 300px\" \/><\/a><\/h3>\n<h3 style=\"text-align: center;\"><i>Mecenati di oggi per l\u2019Italia<\/i><i>\u00a0di domani.<\/i><\/h3>\n<h4 style=\"text-align: center;\"><i>&#8220;Gli italiani vivono immersi <\/i><i>nella bellezza dell\u2019arte.<\/i><\/h4>\n<h4 style=\"text-align: center;\"><i>E\u2019 una parte di noi.&#8221;<\/i><\/h4>\n<p>&nbsp;<\/p>\n<p style=\"text-align: center;\"><em>L\u2019Art Bonus nasce per lasciarci proteggere e tramandare questo tesoro, permette ai cittadini ed agli imprenditori di dare il loro contributo, detraendo il 65% di ci\u00f2 che donano, per conservare i nostri musei, teatri, biblioteche e di andarne fieri, perch\u00e9 questa bellezza salver\u00e0 il mondo.<\/em><\/p>\n<p>&nbsp;<\/p>\n<p style=\"text-align: center;\">Grazie all\u2019impegno svolto in tutti questi anni ed al sostegno ott<span class=\"text_exposed_show\">enuto tramite <em>Art Bonus<\/em> da alcuni privati e imprese che hanno deciso di aiutarci nelle nostre attivit\u00e0 sono state raggiunte varie ed ambiziose mete.<\/span><\/p>\n<p style=\"text-align: center;\">Dal 2016 ad oggi, la nostra Biblioteca ha ottenuto diverse donazioni per un <strong>totale<\/strong> di <strong>\u20ac 11.100,00<\/strong><\/p>\n<p style=\"text-align: center;\"><em>2016\u00a0 \u00a0 \u00a0&#8211;\u00a0 \u00a0 \u00a0\u20ac 5.500,00<\/em><\/p>\n<p style=\"text-align: center;\"><em>2017\u00a0 \u00a0 \u00a0&#8211;\u00a0 \u00a0 \u00a0 \u20ac 3.600,00<\/em><\/p>\n<p style=\"text-align: center;\"><em>2018\u00a0 \u00a0 \u00a0&#8211;\u00a0 \u00a0 \u00a0\u20ac 1.000,00<\/em><\/p>\n<p style=\"text-align: center;\"><strong><em>ad oggi&#8230; 2019\u00a0 \u00a0 \u00a0&#8211;\u00a0 \u00a0 \u00a0\u20ac 1.000,00<\/em><\/strong><\/p>\n<p style=\"text-align: center;\">Anche per quest&#8217;anno, si propone il <em>progetto di incremento del patrimonio librario della Biblioteca Comunale<\/em>. Fin&#8217;ora la generosit\u00e0 dei mecenati che hanno sostenuto il progetto ha permesso di garantire l&#8217;aggiornamento delle collezioni presenti in Biblioteca e l&#8217;offerta di novit\u00e0 editoriali.<\/p>\n<p style=\"text-align: center;\"><em>Le erogazioni verranno destinate per continuare l&#8217;opera di rinnovamento del materiale documentario appartenente alla sezione ragazzi ed alla sezione narrativa rivolta agli adulti<\/em>.<\/p>\n<p style=\"text-align: center;\">Se desiderate anche voi aiutarci nella nostra crescita&#8230;<\/p>\n<h5 style=\"text-align: center;\">&#8220;<a href=\"http:\/\/www.bibliotecabarzio.it\/wp-content\/uploads\/2019\/03\/05a_pieghevole_artbonus.pdf\" target=\"_blank\" rel=\"noopener noreferrer\">DIVENTA ANCHE TU UN MECENATE!<\/a>&#8220;<\/h5>\n<p style=\"text-align: center;\"><a href=\"https:\/\/artbonus.gov.it\/biblioteca-comunale-di-barzio.html\" target=\"_blank\" rel=\"noopener noreferrer\">www.artbonus.gov.it\u00a0<\/a><\/p>\n","protected":false},"excerpt":{"rendered":"<p>ART BONUS Mecenati di oggi per l\u2019Italia\u00a0di domani. &#8220;Gli italiani vivono immersi nella bellezza dell\u2019arte. E\u2019 una parte di noi.&#8221; &nbsp; L\u2019Art Bonus nasce per lasciarci proteggere e tramandare questo tesoro, permette ai cittadini ed agli imprenditori di dare il loro contributo, detraendo il 65% di ci\u00f2 che donano, per conservare i nostri musei, teatri,<\/p>\n<p><a href=\"https:\/\/www.bibliotecabarzio.it\/index.php\/art-bonus\/\" class=\"more-link\">Leggi tutto<\/a><\/p>\n","protected":false},"author":1,"featured_media":0,"parent":0,"menu_order":0,"comment_status":"closed","ping_status":"closed","template":"","meta":{"footnotes":""},"class_list":["post-145","page","type-page","status-publish","hentry"],"_links":{"self":[{"href":"https:\/\/www.bibliotecabarzio.it\/index.php\/wp-json\/wp\/v2\/pages\/145","targetHints":{"allow":["GET"]}}],"collection":[{"href":"https:\/\/www.bibliotecabarzio.it\/index.php\/wp-json\/wp\/v2\/pages"}],"about":[{"href":"https:\/\/www.bibliotecabarzio.it\/index.php\/wp-json\/wp\/v2\/types\/page"}],"author":[{"embeddable":true,"href":"https:\/\/www.bibliotecabarzio.it\/index.php\/wp-json\/wp\/v2\/users\/1"}],"replies":[{"embeddable":true,"href":"https:\/\/www.bibliotecabarzio.it\/index.php\/wp-json\/wp\/v2\/comments?post=145"}],"version-history":[{"count":34,"href":"https:\/\/www.bibliotecabarzio.it\/index.php\/wp-json\/wp\/v2\/pages\/145\/revisions"}],"predecessor-version":[{"id":2258,"href":"https:\/\/www.bibliotecabarzio.it\/index.php\/wp-json\/wp\/v2\/pages\/145\/revisions\/2258"}],"wp:attachment":[{"href":"https:\/\/www.bibliotecabarzio.it\/index.php\/wp-json\/wp\/v2\/media?parent=145"}],"curies":[{"name":"wp","href":"https:\/\/api.w.org\/{rel}","templated":true}]}}