{"id":136,"date":"2019-03-21T12:17:19","date_gmt":"2019-03-21T11:17:19","guid":{"rendered":"http:\/\/testbarzio.halleylombardia.it\/cms\/?page_id=136"},"modified":"2019-03-21T15:34:46","modified_gmt":"2019-03-21T14:34:46","slug":"sostienici","status":"publish","type":"page","link":"https:\/\/www.bibliotecabarzio.it\/index.php\/sostienici\/","title":{"rendered":"Sostienici"},"content":{"rendered":"<h1 id=\"page-title\" class=\"title\" style=\"text-align: center;\">SOSTIENICI<\/h1>\n<p>&nbsp;<\/p>\n<h1 id=\"page-title\" class=\"title\"><img loading=\"lazy\" decoding=\"async\" class=\"wp-image-209 alignleft\" src=\"http:\/\/testbarzio.halleylombardia.it\/cms\/wp-content\/uploads\/2019\/03\/Biblioteca-Yourcenar-300x167.jpg\" alt=\"\" width=\"308\" height=\"171\" srcset=\"https:\/\/www.bibliotecabarzio.it\/wp-content\/uploads\/2019\/03\/Biblioteca-Yourcenar-300x167.jpg 300w, https:\/\/www.bibliotecabarzio.it\/wp-content\/uploads\/2019\/03\/Biblioteca-Yourcenar.jpg 645w\" sizes=\"auto, (max-width: 308px) 100vw, 308px\" \/><\/h1>\n<div><\/div>\n<div>La Biblioteca Comunale di Barzio \u00e8 un luogo della Cultura da sempre apprezzato e frequentato che, da pi\u00f9 di 40 anni, \u00e8 punto di riferimento per un numero sempre crescente di cittadini, turisti e affezionati grazie all\u2019accoglienza del luogo, alla disponibilit\u00e0 degli operatori e, soprattutto, alla quantit\u00e0 ed alla variet\u00e0 del suo patrimonio costantemente aggiornato.<\/div>\n<div class=\"region region-content\">\n<div id=\"block-system-main\" class=\"block block-system clearfix\">\n<div class=\"content\">\n<article id=\"node-4\" class=\"node node-page clearfix node-mt\">\n<div class=\"node-main-content full-width clearfix\">\n<div class=\"content\">\n<div class=\"field field-name-body field-type-text-with-summary field-label-hidden\">\n<div class=\"field-items\">\n<div class=\"field-item even\">\n<p>&nbsp;<\/p>\n<p>Grazie all\u2019impegno che la Biblioteca Comunale svolge da tutti questi anni, ed agli investimenti costanti, sono state raggiunte varie ed ambiziose mete, quali arricchimento del patrimonio, incontri con autori, corsi di formazione su vari argomenti, etc.<\/p>\n<p>Se anche Voi volete aiutarci nella nostra crescita\u2026<\/p>\n<\/div>\n<\/div>\n<\/div>\n<\/div>\n<\/div>\n<\/article>\n<\/div>\n<\/div>\n<\/div>\n<aside id=\"nav_menu-4\" class=\"widget widget_nav_menu amr_widget wow fadeInDown animated\" data-wow-delay=\"0.4s\"><div class=\"menu-sostienici-container\"><ul id=\"menu-sostienici\" class=\"menu\"><li id=\"menu-item-147\" class=\"menu-item menu-item-type-post_type menu-item-object-page menu-item-147\"><a target=\"_blank\" href=\"https:\/\/www.bibliotecabarzio.it\/index.php\/art-bonus\/\">Art bonus<\/a><\/li>\n<li id=\"menu-item-200\" class=\"menu-item menu-item-type-post_type menu-item-object-page menu-item-200\"><a target=\"_blank\" href=\"https:\/\/www.bibliotecabarzio.it\/index.php\/donazione-volumi\/\">Donazione volumi<\/a><\/li>\n<li id=\"menu-item-220\" class=\"menu-item menu-item-type-post_type menu-item-object-page menu-item-220\"><a target=\"_blank\" href=\"https:\/\/www.bibliotecabarzio.it\/index.php\/vendita-libri\/\">Vendita libri<\/a><\/li>\n<\/ul><\/div><\/aside>\n","protected":false},"excerpt":{"rendered":"<p>SOSTIENICI &nbsp; La Biblioteca Comunale di Barzio \u00e8 un luogo della Cultura da sempre apprezzato e frequentato che, da pi\u00f9 di 40 anni, \u00e8 punto di riferimento per un numero sempre crescente di cittadini, turisti e affezionati grazie all\u2019accoglienza del luogo, alla disponibilit\u00e0 degli operatori e, soprattutto, alla quantit\u00e0 ed alla variet\u00e0 del suo patrimonio<\/p>\n<p><a href=\"https:\/\/www.bibliotecabarzio.it\/index.php\/sostienici\/\" class=\"more-link\">Leggi tutto<\/a><\/p>\n","protected":false},"author":1,"featured_media":0,"parent":0,"menu_order":0,"comment_status":"closed","ping_status":"closed","template":"","meta":{"footnotes":""},"class_list":["post-136","page","type-page","status-publish","hentry"],"_links":{"self":[{"href":"https:\/\/www.bibliotecabarzio.it\/index.php\/wp-json\/wp\/v2\/pages\/136","targetHints":{"allow":["GET"]}}],"collection":[{"href":"https:\/\/www.bibliotecabarzio.it\/index.php\/wp-json\/wp\/v2\/pages"}],"about":[{"href":"https:\/\/www.bibliotecabarzio.it\/index.php\/wp-json\/wp\/v2\/types\/page"}],"author":[{"embeddable":true,"href":"https:\/\/www.bibliotecabarzio.it\/index.php\/wp-json\/wp\/v2\/users\/1"}],"replies":[{"embeddable":true,"href":"https:\/\/www.bibliotecabarzio.it\/index.php\/wp-json\/wp\/v2\/comments?post=136"}],"version-history":[{"count":19,"href":"https:\/\/www.bibliotecabarzio.it\/index.php\/wp-json\/wp\/v2\/pages\/136\/revisions"}],"predecessor-version":[{"id":348,"href":"https:\/\/www.bibliotecabarzio.it\/index.php\/wp-json\/wp\/v2\/pages\/136\/revisions\/348"}],"wp:attachment":[{"href":"https:\/\/www.bibliotecabarzio.it\/index.php\/wp-json\/wp\/v2\/media?parent=136"}],"curies":[{"name":"wp","href":"https:\/\/api.w.org\/{rel}","templated":true}]}}